{"id":1129,"date":"2023-11-20T13:02:50","date_gmt":"2023-11-20T13:02:50","guid":{"rendered":"https:\/\/reckinger-bock.lu\/kontakt\/"},"modified":"2024-05-16T08:08:55","modified_gmt":"2024-05-16T08:08:55","slug":"kontakt","status":"publish","type":"page","link":"https:\/\/reckinger-bock.lu\/de\/kontakt\/","title":{"rendered":"Kontakt"},"content":{"rendered":"<p>[et_pb_section fb_built=&#8220;1&#8243; make_equal=&#8220;on&#8220; use_custom_gutter=&#8220;on&#8220; gutter_width=&#8220;1&#8243; specialty=&#8220;on&#8220; custom_padding_last_edited=&#8220;on|desktop&#8220; padding_top_1=&#8220;0px&#8220; padding_top_2=&#8220;0px&#8220; padding_right_1=&#8220;20px&#8220; padding_bottom_1=&#8220;0px&#8220; padding_bottom_2=&#8220;0px&#8220; padding_left_1=&#8220;20px&#8220; padding_top_bottom_link_1=&#8220;false&#8220; padding_top_bottom_link_2=&#8220;false&#8220; padding_left_right_link_1=&#8220;false&#8220; padding_1_tablet=&#8220;0px|0px|0px|0px|false|false&#8220; padding_1_phone=&#8220;0px|0px|0px|0px|false|false&#8220; padding_1_last_edited=&#8220;on|tablet&#8220; _builder_version=&#8220;4.23.1&#8243; _module_preset=&#8220;default&#8220; z_index=&#8220;93&#8243; inner_width=&#8220;90%&#8220; inner_max_width=&#8220;1400px&#8220; overflow-x=&#8220;hidden&#8220; overflow-y=&#8220;hidden&#8220; custom_margin=&#8220;0px||0px||false|false&#8220; custom_padding=&#8220;115px||0px||false|false&#8220; custom_padding_tablet=&#8220;40px||0px||false|false&#8220; custom_padding_phone=&#8220;30px||0px||false|false&#8220; border_radii=&#8220;off|||96px|96px&#8220; border_radii_tablet=&#8220;off|||96px|96px&#8220; border_radii_phone=&#8220;off|||36px|36px&#8220; border_radii_last_edited=&#8220;on|phone&#8220; global_colors_info=&#8220;{}&#8220;][et_pb_column type=&#8220;1_2&#8243; specialty_columns=&#8220;2&#8243; _builder_version=&#8220;4.16&#8243; custom_padding=&#8220;|||&#8220; global_colors_info=&#8220;{}&#8220; custom_padding__hover=&#8220;|||&#8220;][et_pb_row_inner _builder_version=&#8220;4.23.1&#8243; _module_preset=&#8220;default&#8220; custom_margin=&#8220;0px||0px||false|false&#8220; custom_margin_tablet=&#8220;0px||0px||false|false&#8220; custom_margin_phone=&#8220;0px||0px||false|false&#8220; custom_margin_last_edited=&#8220;on|phone&#8220; custom_padding=&#8220;0px||0px||false|false&#8220; animation_style=&#8220;fade&#8220; animation_speed_curve=&#8220;ease&#8220; global_colors_info=&#8220;{}&#8220;][et_pb_column_inner saved_specialty_column_type=&#8220;1_2&#8243; _builder_version=&#8220;4.22.2&#8243; _module_preset=&#8220;default&#8220; global_colors_info=&#8220;{}&#8220;][et_pb_text _builder_version=&#8220;4.23.1&#8243; _module_preset=&#8220;default&#8220; header_font=&#8220;Plus Jakarta Sans|300|||||||&#8220; header_text_align=&#8220;left&#8220; header_text_color=&#8220;#191919&#8243; header_font_size=&#8220;6vh&#8220; header_line_height=&#8220;1.1em&#8220; max_width=&#8220;800px&#8220; custom_margin=&#8220;0px||0px||false|false&#8220; custom_margin_tablet=&#8220;0px||0px||false|false&#8220; custom_margin_phone=&#8220;0px||0px||false|false&#8220; custom_margin_last_edited=&#8220;on|phone&#8220; custom_padding=&#8220;0px||0px||false|false&#8220; header_text_align_tablet=&#8220;left&#8220; header_text_align_phone=&#8220;left&#8220; header_text_align_last_edited=&#8220;on|tablet&#8220; header_font_size_tablet=&#8220;55px&#8220; header_font_size_phone=&#8220;30px&#8220; header_font_size_last_edited=&#8220;on|phone&#8220; global_colors_info=&#8220;{}&#8220;]<\/p>\n<h1><strong>Kontaktieren Sie uns.<\/strong> Elektrizit\u00e4t Reckinger-Bock et Cie S\u00e0rl<\/h1>\n<p>[\/et_pb_text][et_pb_text _builder_version=&#8220;4.23.1&#8243; _module_preset=&#8220;default&#8220; text_font=&#8220;Plus Jakarta Sans||||||||&#8220; text_text_color=&#8220;#191919&#8243; text_font_size=&#8220;21px&#8220; text_line_height=&#8220;1.6em&#8220; custom_margin=&#8220;0px||30px||false|false&#8220; custom_padding=&#8220;0px||0px||false|false&#8220; text_font_size_tablet=&#8220;21px&#8220; text_font_size_phone=&#8220;19px&#8220; text_font_size_last_edited=&#8220;on|phone&#8220; global_colors_info=&#8220;{}&#8220;]<\/p>\n<p>Teilen Sie uns die Details Ihres Projekts mit, stellen Sie uns Fragen oder schicken Sie uns einfach einen Gru\u00df. Wir freuen uns auf den Austausch mit Ihnen.<\/p>\n<p>[\/et_pb_text][dsm_contact_form_7 cf7_library=&#8220;1203&#8243; label_bottom_spacing=&#8220;0px&#8220; button_alignment=&#8220;left&#8220; file_padding=&#8220;||||false|false&#8220; validation_error_background_color=&#8220;RGBA(255,255,255,0)&#8220; validation_success_background_color=&#8220;RGBA(255,255,255,0)&#8220; _builder_version=&#8220;4.25.1&#8243; _module_preset=&#8220;default&#8220; labels_font=&#8220;Plus Jakarta Sans|600|||||||&#8220; labels_text_color=&#8220;#002633&#8243; input_textarea_select_font=&#8220;Plus Jakarta Sans||||||||&#8220; input_textarea_select_text_color=&#8220;#000000&#8243; date_field_font=&#8220;Plus Jakarta Sans||||||||&#8220; placeholder_font=&#8220;Plus Jakarta Sans||||||||&#8220; radio_checkbox_font=&#8220;Plus Jakarta Sans||||||||&#8220; radio_checkbox_font_size=&#8220;12px&#8220; error_msg_font=&#8220;Plus Jakarta Sans|700|||||||&#8220; error_msg_text_color=&#8220;#ff0000&#8243; error_validation_font=&#8220;Plus Jakarta Sans||||||||&#8220; error_validation_text_color=&#8220;#000000&#8243; success_validation_font=&#8220;Plus Jakarta Sans||||||||&#8220; success_validation_text_color=&#8220;#000000&#8243; custom_button_one=&#8220;on&#8220; button_one_text_color=&#8220;#FFFFFF&#8220; button_one_bg_color=&#8220;#022D62&#8243; button_one_border_width=&#8220;1px&#8220; button_one_border_color=&#8220;#EFE11D&#8220; button_one_border_radius=&#8220;50px&#8220; button_one_font=&#8220;Plus Jakarta Sans|600|||||||&#8220; button_one_icon=&#8220;&#xf1d8;||fa||900&#8243; button_one_on_hover=&#8220;off&#8220; button_one_custom_margin=&#8220;0px||0px||false|false&#8220; button_one_custom_padding=&#8220;16px|63px|18px|36px|false|false&#8220; button_one_custom_padding_tablet=&#8220;16px|63px|18px|36px|false|false&#8220; button_one_custom_padding_phone=&#8220;14px||16px||false|false&#8220; button_one_custom_padding_last_edited=&#8220;on|desktop&#8220; hover_enabled=&#8220;0&#8243; button_one_text_size_tablet=&#8220;&#8220; button_one_text_size_phone=&#8220;18px&#8220; button_one_text_size_last_edited=&#8220;on|desktop&#8220; custom_css_free_form=&#8220;button {width: 100%;}||textarea {height: 150px !important;}&#8220; border_radii_image=&#8220;on|10px|10px|10px|10px&#8220; border_color_all_error_validation=&#8220;#d6a319&#8243; border_color_all_validation_success=&#8220;#0a7a00&#8243; global_colors_info=&#8220;{}&#8220; button_one_bg_color__hover_enabled=&#8220;on|desktop&#8220; button_one_bg_color__hover=&#8220;#2B2700&#8243; button_one_bg_enable_color__hover=&#8220;on&#8220; sticky_enabled=&#8220;0&#8243;][\/dsm_contact_form_7][\/et_pb_column_inner][\/et_pb_row_inner][\/et_pb_column][et_pb_column type=&#8220;1_2&#8243; _builder_version=&#8220;4.16&#8243; custom_padding=&#8220;|||&#8220; global_colors_info=&#8220;{}&#8220; custom_padding__hover=&#8220;|||&#8220;][et_pb_image src=&#8220;https:\/\/reckinger-bock.lu\/wp-content\/uploads\/2023\/11\/image-reference-produit-contact.jpg&#8220; title_text=&#8220;image-reference-product-contact&#8220; disabled_on=&#8220;on|on|off&#8220; _builder_version=&#8220;4.23.1&#8243; _module_preset=&#8220;default&#8220; background_enable_image=&#8220;off&#8220; max_width=&#8220;659px&#8220; custom_margin=&#8220;0px||0px||false|false&#8220; custom_margin_tablet=&#8220;70px|0px|0px|0px|false|false&#8220; custom_margin_phone=&#8220;55px||||false|false&#8220; custom_margin_last_edited=&#8220;on|phone&#8220; custom_padding=&#8220;0px||0px||false|false&#8220; animation_style=&#8220;slide&#8220; animation_direction=&#8220;right&#8220; animation_delay=&#8220;100ms&#8220; animation_intensity_slide=&#8220;5%&#8220; animation_speed_curve=&#8220;ease&#8220; global_colors_info=&#8220;{}&#8220;][\/et_pb_image][et_pb_divider show_divider=&#8220;off&#8220; disabled_on=&#8220;off|off|on&#8220; _builder_version=&#8220;4.23.1&#8243; _module_preset=&#8220;default&#8220; background_image=&#8220;https:\/\/reckinger-bock.lu\/wp-content\/uploads\/2023\/11\/clients_chantiers_photos5e674dee14322.jpg&#8220; custom_padding_tablet=&#8220;150px||150px||true|false&#8220; custom_padding_phone=&#8220;150px||150px||true|false&#8220; custom_padding_last_edited=&#8220;on|phone&#8220; border_radii=&#8220;on|60px|60px|60px|60px&#8220; border_radii_tablet=&#8220;on|60px|60px|60px|60px&#8220; border_radii_phone=&#8220;on|30px|30px|30px|30px&#8220; border_radii_last_edited=&#8220;on|tablet&#8220; global_colors_info=&#8220;{}&#8220;][\/et_pb_divider][et_pb_code _builder_version=&#8220;4.23.1&#8243; _module_preset=&#8220;default&#8220; max_width=&#8220;659px&#8220; module_alignment=&#8220;left&#8220; custom_margin=&#8220;60px|-73px|0px||false|false&#8220; custom_margin_tablet=&#8220;60px|0px|0px|0px|false|false&#8220; custom_margin_phone=&#8220;60px||||false|false&#8220; custom_margin_last_edited=&#8220;on|phone&#8220; custom_padding=&#8220;0px||0px||false|false&#8220; border_radii=&#8220;off|10px|60px||&#8220; border_radii_tablet=&#8220;off|12px|60px||&#8220; border_radii_phone=&#8220;off|10px|60px||&#8220; border_radii_last_edited=&#8220;on|tablet&#8220; global_colors_info=&#8220;{}&#8220;]<iframe src=\"https:\/\/www.google.com\/maps\/embed?pb=!1m14!1m8!1m3!1d10316.375164755174!2d6.1237814!3d49.7278601!3m2!1i1024!2i768!4f13.1!3m3!1m2!1s0x47955164f1b47a01%3A0xa91894af11dc4a71!2sElectricit%C3%A9%20Reckinger-Bock%20%26%20Cie!5e0!3m2!1sen!2slu!4v1700490686053!5m2!1sen!2slu\" width=\"100%\" height=\"450\" style=\"border:0;\" allowfullscreen=\"\" loading=\"lazy\" referrerpolicy=\"no-referrer-when-downgrade\"><\/iframe>[\/et_pb_code][\/et_pb_column][\/et_pb_section][et_pb_section fb_built=&#8220;1&#8243; custom_padding_last_edited=&#8220;on|phone&#8220; padding_top_1=&#8220;0px&#8220; padding_top_2=&#8220;0px&#8220; padding_right_1=&#8220;20px&#8220; padding_bottom_1=&#8220;0px&#8220; padding_bottom_2=&#8220;0px&#8220; padding_left_1=&#8220;20px&#8220; padding_top_bottom_link_1=&#8220;false&#8220; padding_top_bottom_link_2=&#8220;false&#8220; padding_left_right_link_1=&#8220;false&#8220; _builder_version=&#8220;4.23.1&#8243; _module_preset=&#8220;default&#8220; background_color=&#8220;#FFFFFF&#8220; z_index=&#8220;20&#8243; custom_margin=&#8220;-55px||0px||false|false&#8220; custom_margin_tablet=&#8220;-115px||||false|false&#8220; custom_margin_phone=&#8220;-90px||||false|false&#8220; custom_margin_last_edited=&#8220;on|phone&#8220; custom_padding=&#8220;115px||115px||false|false&#8220; custom_padding_tablet=&#8220;115px||115px||false|false&#8220; custom_padding_phone=&#8220;90px||90px||false|false&#8220; global_colors_info=&#8220;{}&#8220;][et_pb_row admin_label=&#8220;Bottom Divider&#8220; _builder_version=&#8220;4.23.1&#8243; _module_preset=&#8220;default&#8220; positioning=&#8220;absolute&#8220; position_origin_a=&#8220;bottom_center&#8220; width=&#8220;100%&#8220; max_width=&#8220;100%&#8220; custom_margin=&#8220;0px||0px||false|false&#8220; custom_padding=&#8220;0px||0px||false|false&#8220; global_colors_info=&#8220;{}&#8220;][et_pb_column type=&#8220;4_4&#8243; _builder_version=&#8220;4.23.1&#8243; _module_preset=&#8220;default&#8220; global_colors_info=&#8220;{}&#8220;][et_pb_image src=&#8220;https:\/\/reckinger-bock.lu\/wp-content\/uploads\/2023\/11\/it-services-4-asx-7.png&#8220; force_fullwidth=&#8220;on&#8220; _builder_version=&#8220;4.23.1&#8243; _module_preset=&#8220;default&#8220; custom_margin=&#8220;0px|0px|0px|0px|false|false&#8220; custom_padding=&#8220;0px||0px||false|false&#8220; filter_brightness=&#8220;0%&#8220; filter_contrast=&#8220;88%&#8220; global_colors_info=&#8220;{}&#8220;][\/et_pb_image][\/et_pb_column][\/et_pb_row][\/et_pb_section]<\/p>\n","protected":false},"excerpt":{"rendered":"<p>Kontaktieren Sie uns. Elektrizit\u00e4t Reckinger-Bock et Cie S\u00e0rlTeilen Sie uns die Details Ihres Projekts mit, stellen Sie uns Fragen oder schicken Sie uns einfach einen Gru\u00df. Wir freuen uns auf den Austausch mit Ihnen.<div class=\"et_pb_with_border et_pb_module dsm_contact_form_7 dsm_contact_form_7_0\">\n\t\t\t\t\n\t\t\t\t\n\t\t\t\t\n\t\t\t\t\n\t\t\t\t\n\t\t\t\t\n\t\t\t\t<div class=\"et_pb_module_inner\">\n\t\t\t\t\t<div class=\"dsm_contact_form_7_btn_icon\" data-dsm-btn-icon=\"&#xf1d8;\">\n\t\t\t\t\n<div class=\"wpcf7 no-js\" id=\"wpcf7-f1203-o1\" lang=\"de-DE\" dir=\"ltr\" data-wpcf7-id=\"1203\">\n<div class=\"screen-reader-response\"><p role=\"status\" aria-live=\"polite\" aria-atomic=\"true\"><\/p> <ul><\/ul><\/div>\n<form action=\"\/de\/wp-json\/wp\/v2\/pages\/1129#wpcf7-f1203-o1\" method=\"post\" class=\"wpcf7-form init\" aria-label=\"Kontaktformular\" enctype=\"multipart\/form-data\" novalidate=\"novalidate\" data-status=\"init\">\n<fieldset class=\"hidden-fields-container\"><input type=\"hidden\" name=\"_wpcf7\" value=\"1203\" \/><input type=\"hidden\" name=\"_wpcf7_version\" value=\"6.1.5\" \/><input type=\"hidden\" name=\"_wpcf7_locale\" value=\"de_DE\" \/><input type=\"hidden\" name=\"_wpcf7_unit_tag\" value=\"wpcf7-f1203-o1\" \/><input type=\"hidden\" name=\"_wpcf7_container_post\" value=\"0\" \/><input type=\"hidden\" name=\"_wpcf7_posted_data_hash\" value=\"\" \/>\n<\/fieldset>\n<h2>\n\t<font color=\"#022d62\">Ihre Informationen\n\t<\/font>\n<\/h2>\n<hr class=\"solid\" \/>\n<div class=\"custom_form\">\n\t<div class=\"contact-form-custom\">\n\t\t<div class=\"custom_form_field contact-form-field contact-form-field-50\">\n\t\t\t<p><label>*Vor- und Nachname<\/label><span class=\"wpcf7-form-control-wrap\" data-name=\"nom\"><input size=\"40\" maxlength=\"400\" class=\"wpcf7-form-control wpcf7-text wpcf7-validates-as-required\" aria-required=\"true\" aria-invalid=\"false\" value=\"\" type=\"text\" name=\"nom\" \/><\/span>\n\t\t\t<\/p>\n\t\t<\/div>\n\t\t<div class=\"custom_form_field contact-form-field contact-form-field-50\">\n\t\t\t<p><label>*Ortschaft<\/label><span class=\"wpcf7-form-control-wrap\" data-name=\"lieu\"><input size=\"40\" maxlength=\"400\" class=\"wpcf7-form-control wpcf7-text wpcf7-validates-as-required\" aria-required=\"true\" aria-invalid=\"false\" value=\"\" type=\"text\" name=\"lieu\" \/><\/span>\n\t\t\t<\/p>\n\t\t<\/div>\n\t\t<div class=\"custom_form_field contact-form-field contact-form-field-50\">\n\t\t\t<p><label>*Telefon<\/label><span class=\"wpcf7-form-control-wrap\" data-name=\"tel\"><input size=\"40\" maxlength=\"400\" class=\"wpcf7-form-control wpcf7-tel wpcf7-validates-as-required wpcf7-text wpcf7-validates-as-tel\" aria-required=\"true\" aria-invalid=\"false\" value=\"\" type=\"tel\" name=\"tel\" \/><\/span>\n\t\t\t<\/p>\n\t\t<\/div>\n\t\t<div class=\"custom_form_field contact-form-field contact-form-field-50\">\n\t\t\t<p><label>*E-Mail<\/label><span class=\"wpcf7-form-control-wrap\" data-name=\"email\"><input size=\"40\" maxlength=\"400\" class=\"wpcf7-form-control wpcf7-email wpcf7-validates-as-required wpcf7-text wpcf7-validates-as-email\" aria-required=\"true\" aria-invalid=\"false\" value=\"\" type=\"email\" name=\"email\" \/><\/span>\n\t\t\t<\/p>\n\t\t<\/div>\n\t<\/div>\n<\/div>\n<h3>\n\t<font color=\"#022d62\">Zus\u00e4tzliche Informationen\n\t<\/font>\n<\/h3>\n<hr class=\"solid\" \/>\n<div class=\"custom_form\">\n\t<div class=\"contact-form-custom\">\n\t\t<div class=\"custom_form_field contact-form-field\">\n\t\t\t<p><label>*W\u00e4hlen Sie eine Dienstleistung<\/label><span class=\"wpcf7-form-control-wrap dsm-contact-form-7-select\" data-name=\"service\"><select class=\"wpcf7-form-control wpcf7-select wpcf7-validates-as-required et_pb_contact_select input\" aria-required=\"true\" aria-invalid=\"false\" name=\"service\"><option value=\"\">&#8211; Bitte ausw\u00e4hlen &#8211;<\/option><option value=\"Elektrische Installation\">Elektrische Installation<\/option><option value=\"Photovoltak\">Photovoltak<\/option><option value=\"Alarm &amp; Sicherheit\">Alarm &amp; Sicherheit<\/option><option value=\"Blitzschutz\">Blitzschutz<\/option><option value=\"Smart Home\">Smart Home<\/option><option value=\"Ladestation\">Ladestation<\/option><option value=\"Fehlerbehebung &amp; Wartung\">Fehlerbehebung &amp; Wartung<\/option><option value=\"Andere\">Andere<\/option><\/select><\/span>\n\t\t\t<\/p>\n\t\t<\/div>\n\t\t<div class=\"custom_form_field contact-form-field\">\n\t\t\t<p><label>*Ihre Nachricht \/ Stellen Sie uns eine Frage<\/label><span class=\"wpcf7-form-control-wrap\" data-name=\"message\"><textarea cols=\"40\" rows=\"10\" maxlength=\"2000\" class=\"wpcf7-form-control wpcf7-textarea wpcf7-validates-as-required\" aria-required=\"true\" aria-invalid=\"false\" name=\"message\"><\/textarea><\/span>\n\t\t\t<\/p>\n\t\t<\/div>\n\t\t<div class=\"custom_form_field custom_form_file\">\n\t\t\t<p><label class=\"custom_form_label\">Bilder und Dokumente (optional)<\/label>\n\t\t\t<\/p>\n\t\t\t<div class=\"custom_form_file_input\">\n\t\t\t\t<p><div id=\"mfcf7_zl_multifilecontainer\"><span class=\"mfcf7-zl-multiline-sample\" style=\"display:none\"><p class=\"wpcf7-form-control-wrap Upload\"><input size=\"40\" class=\"wpcf7-form-control wpcf7-multilinefile\" id=\"Upload\" multiple=\"multiple\" value=\"Upload\" aria-invalid=\"false\" type=\"file\" name=\"Upload[]\" \/> <span class=\"mfcf7-zl-multifile-name\"><\/span><a href=\"javascript:void(0);\" class=\"mfcf7_zl_delete_file\"><span class=\"delete-file\" aria-hidden=\"true\">&#x274C;<\/span><\/a><\/p><\/span><\/div><span class=\"wpcf7-form-control-wrap zl-form-control-wrap Upload\"><input size=\"40\" class=\"wpcf7-form-control wpcf7-multilinefile\" id=\"Upload\" multiple=\"multiple\" value=\"Upload\" aria-invalid=\"false\" type=\"file\" name=\"Upload[]\" \/> <span class=\"mfcf7-zl-multifile-name\"><\/span><a href=\"javascript:void(0);\" class=\"mfcf7_zl_delete_file\"><span class=\"delete-file\" aria-hidden=\"true\">&#x274C;<\/span><\/a><\/span><p><label><span class=\"wpcf7-form-control-wrap\" data-name=\"Upload-zl-mfcf7-upld-btn\"><input type=\"button\" name=\"Upload-zl-mfcf7-upld-btn\" class=\"button button-primary qbutton\" id=\"mfcf7_zl_add_file\" value=\"Upload\"><\/span><\/label><\/p>\n\t\t\t\t<\/p>\n\t\t\t<\/div>\n\t\t\t<div class=\"custom_form_file_content\">\n\t\t\t\t<p><img decoding=\"async\" class=\"custom_form_file_content_img\" src=\"https:\/\/wedo.lu\/assets\/icons\/devis-v3\/main-page\/form\/add_doc.svg\" alt=\"\" \/>\n\t\t\t\t<\/p>\n\t\t\t\t<p class=\"custom_form_file_content_title\"><strong>Datei hochladen<\/strong>\n\t\t\t\t<\/p>\n\t\t\t\t<p class=\"custom_form_file_content_title\">Bitte laden Sie Ihre Dateien einzeln hoch\n\t\t\t\t<\/p>\n\t\t\t\t<p class=\"custom_form_file_content_text\"><strong>JPG, PNG, PDF...<\/strong>\n\t\t\t\t<\/p>\n\t\t\t<\/div>\n\t\t\t<div class=\"custom_form_file_info\">\n\t\t\t<\/div>\n\t\t<\/div>\n\t\t<div class=\"contact-form-field contact-form-checkbox\">\n\t\t\t<p><span class=\"wpcf7-form-control-wrap\" data-name=\"checkbox\"><span class=\"wpcf7-form-control wpcf7-checkbox wpcf7-validates-as-required\"><span class=\"wpcf7-list-item first last\"><input type=\"checkbox\" name=\"checkbox[]\" value=\"*Ich bin damit einverstanden, dass meine Daten im Rahmen der Angebotsanfrage an Electricit\u00e9 Reckinger-Bock et Cie S\u00e0rl weitergeleitet werden.\" \/><span class=\"wpcf7-list-item-label\">*Ich bin damit einverstanden, dass meine Daten im Rahmen der Angebotsanfrage an Electricit\u00e9 Reckinger-Bock et Cie S\u00e0rl weitergeleitet werden.<\/span><\/span><\/span><\/span>\n\t\t\t<\/p>\n\t\t<\/div>\n\t\t<div class=\"contact-form-submit\">\n\t\t\t<p><button class=\"wpcf7-form-control wpcf7-submit has-spinner et_pb_button et_pb_bg_layout_light\" type=\"submit\" value=\"Senden\">Senden<\/button>\n\t\t\t<\/p>\n\t\t<\/div>\n\t<\/div>\n\t<style>\n .dsm_contact_form_7_0 label {\n margin-bottom: 10px;\n }\n\n .custom_form .custom_form_field {\n margin-bottom: 15px;\n }\n\n .custom_form .wpcf7-list-item {\n margin: 0;\n }\n\n .custom_form .custom_form_file {\n position: relative;\n margin-bottom: 15px;\n font-family: 'Roboto', Helvetica, Arial, Lucida, sans-serif;\n font-size: 15px;\n color: #51668a !important;\n line-height: 1.3em;\n }\n\n .custom_form .custom_form_file_input span[data-name=\"Upload-zl-mfcf7-upld-btn\"] {\n position: absolute;\n bottom: 0;\n left: 0;\n width: 100%;\n height: 141px;\n opacity: 0;\n }\n\n .custom_form .custom_form_file_input span[data-name=\"Upload-zl-mfcf7-upld-btn\"] input {\n height: 100%;\n width: 100%;\n cursor: pointer;\n }\n\n .custom_form .custom_form_file_input #mfcf7_zl_multifilecontainer p {\n text-align: left;\n padding: 0;\n }\n\n .custom_form .custom_form_file_content {\n box-sizing: border-box;\n border: 2px dashed #d1d5db;\n border-radius: 0.375rem;\n padding: 25px 15px;\n text-align: center;\n background: #fff;\n display: flex;\n flex-direction: column;\n align-items: center;\n }\n\n .custom_form .custom_form_file_content .custom_form_file_content_title {\n color: #1d4547;\n margin: 6px 0;\n padding: 0;\n }\n\n .custom_form .custom_form_file_content .custom_form_file_content_text {\n color: #1d4547;\n font-size: 13px;\n }\n\n .custom_form .custom_form_file_info {\n margin-top: 10px;\n }\n\t<\/style>\n\t<p><script type=\"text\/javascript\">\n document.addEventListener('wpcf7mailsent', function (event) {\n location = '\/de\/nachricht-gesendet\/';\n }, false);\n <\/script>\n\t<\/p>\n<\/div><div class=\"wpcf7-response-output\" aria-hidden=\"true\"><\/div>\n<\/form>\n<\/div>\n\n\t\t\t<\/div>\n\t\t\t\t<\/div>\n\t\t\t<\/div><\/p>\n","protected":false},"author":2,"featured_media":0,"parent":0,"menu_order":0,"comment_status":"closed","ping_status":"closed","template":"","meta":{"_et_pb_use_builder":"on","_et_pb_old_content":"","_et_gb_content_width":"","footnotes":""},"class_list":["post-1129","page","type-page","status-publish","hentry"],"_links":{"self":[{"href":"https:\/\/reckinger-bock.lu\/de\/wp-json\/wp\/v2\/pages\/1129","targetHints":{"allow":["GET"]}}],"collection":[{"href":"https:\/\/reckinger-bock.lu\/de\/wp-json\/wp\/v2\/pages"}],"about":[{"href":"https:\/\/reckinger-bock.lu\/de\/wp-json\/wp\/v2\/types\/page"}],"author":[{"embeddable":true,"href":"https:\/\/reckinger-bock.lu\/de\/wp-json\/wp\/v2\/users\/2"}],"replies":[{"embeddable":true,"href":"https:\/\/reckinger-bock.lu\/de\/wp-json\/wp\/v2\/comments?post=1129"}],"version-history":[{"count":0,"href":"https:\/\/reckinger-bock.lu\/de\/wp-json\/wp\/v2\/pages\/1129\/revisions"}],"wp:attachment":[{"href":"https:\/\/reckinger-bock.lu\/de\/wp-json\/wp\/v2\/media?parent=1129"}],"curies":[{"name":"wp","href":"https:\/\/api.w.org\/{rel}","templated":true}]}}